{"id":51,"date":"2020-08-28T12:55:10","date_gmt":"2020-08-28T12:55:10","guid":{"rendered":"http:\/\/c-craftdesign.de\/?page_id=51"},"modified":"2021-01-05T18:04:16","modified_gmt":"2021-01-05T18:04:16","slug":"tischler-meister-designer","status":"publish","type":"page","link":"https:\/\/c-craftdesign.de\/","title":{"rendered":"Tischler. Meister. Designer."},"content":{"rendered":"\n<p class=\"has-text-align-left\">Ob Lieblingsst\u00fcck, Probleml\u00f6ser oder Raumverwandler &#8211; ich berate Sie gerne!<\/p>\n\n\n\n<p><\/p>\n\n\n\n<h2 class=\"wp-block-heading\">C-Craft <\/h2>\n\n\n\n<figure class=\"wp-block-embed is-type-video is-provider-youtube wp-block-embed-youtube wp-embed-aspect-16-9 wp-has-aspect-ratio\"><div class=\"wp-block-embed__wrapper\">\n<iframe loading=\"lazy\" title=\"CCraft Furniture | Portrait \u00fcber Felix Corrales\" width=\"750\" height=\"422\" src=\"https:\/\/www.youtube.com\/embed\/XFoWQJTSTa8?feature=oembed\" frameborder=\"0\" allow=\"accelerometer; autoplay; clipboard-write; encrypted-media; gyroscope; picture-in-picture\" allowfullscreen><\/iframe>\n<\/div><\/figure>\n\n\n\n<p><strong>\u00dcber mich<\/strong><\/p>\n\n\n\n<p>Ich bin Felix Corrales, Tischlermeister und Handwerksdesigner aus Bonn.&nbsp;<\/p>\n\n\n\n<p>Meine Leidenschaft f\u00fcr Holz, das Interesse und die Kombinationsm\u00f6glichkeiten verschiedenster Materialien nutze ich dazu, meine Kunden gl\u00fccklich zu machen.<br>Neben jahrelanger Messebauerfahrung und meiner Ausbildung zum Tischler verf\u00fcge ich \u00fcber ein erfolgreich abgeschlossenes Studium im Handwerksdesign und Unternehmensf\u00fchrung. Parallel dazu habe ich meinen Tischlermeister abgelegt. <br>Seitdem gebe ich in meiner Tischlerei in Bonn Beuel ein St\u00fcck meiner Leidenschaft f\u00fcr die perfekte Gestaltung an meine Kunden weiter.&nbsp;<br>C-Craft verbindet Design und Handwerk.<\/p>\n\n\n\n<p><strong>Meine Philosophie&nbsp;<\/strong><\/p>\n\n\n\n<p>Meine Arbeiten basieren auf meinem Verst\u00e4ndnis f\u00fcr das Entwerfen und Gestalten der Kultur unseres Alltags.&nbsp;<\/p>\n\n\n\n<p>Der verantwortungsvolle Umgang mit Materialien unter \u00f6kologischen und \u00f6konomischen Aspekten sind genauso Parameter, wie die Ber\u00fccksichtigung des individuellen, \u00e4sthetischen und funktionalen Anspruchs meiner Kunden.&nbsp;<\/p>\n\n\n\n<p>Holz spiegelt Pers\u00f6nlichkeit wider, die mit Bedacht eine ausgew\u00e4hlte und individuelle Einrichtung erschafft. Hierbei lege ich Wert darauf, dass das Material aussagt, was es macht. Schlichtheit, filigrane Strukturen und das Ausreizen der M\u00f6glichkeiten stehen in direkter Verbindung mit Qualit\u00e4t und Sinnhaftigkeit. Das Einbeziehen anderer Materialien setzt da an, wo die M\u00f6glichkeiten des Holzes aufh\u00f6ren.<\/p>\n\n\n\n<p>Die Bewahrung handwerklicher Tradition, kombiniert mit innovativer Gestaltung und \u00c4sthetik, ist Mittelpunkt meines Alltags.&nbsp;<br>Hohe Qualit\u00e4t, gute Beratung und ein komplettes Angebot aus einer Hand ist Ihr Anliegen und meine Herausforderung.&nbsp;<\/p>\n\n\n\n<p><\/p>\n\n\n\n<p><\/p>\n\n\n\n<h2 class=\"wp-block-heading\">Kontakt<\/h2>\n\n\n\n<p>Felix Corrales y Vidal<br><br>Broichstra\u00dfe 111, 53227 Bonn<\/p>\n\n\n\n<p>info@c-craftdesign.de<\/p>\n\n\n\n<p>+49\/ 163 858 1953<br>+49\/ 228 24 04 21 51<\/p>\n\n\n\n<p><\/p>\n\n\n\n<p><\/p>\n\n\n\n<p><\/p>\n\n\n<div class=\"wpforms-container wpforms-container-full wpforms-block\" id=\"wpforms-61\"><form id=\"wpforms-form-61\" class=\"wpforms-validate wpforms-form\" data-formid=\"61\" method=\"post\" enctype=\"multipart\/form-data\" action=\"\/index.php?rest_route=%2Fwp%2Fv2%2Fpages%2F51\" data-token=\"48c6443832e7f6ec9200cc7d451a666c\" data-token-time=\"1777240574\"><noscript class=\"wpforms-error-noscript\">Bitte aktiviere JavaScript in deinem Browser, um dieses Formular fertigzustellen.<\/noscript><div class=\"wpforms-field-container\"><div id=\"wpforms-61-field_0-container\" class=\"wpforms-field wpforms-field-name wpforms-one-half wpforms-first\" data-field-id=\"0\"><label class=\"wpforms-field-label wpforms-label-hide\" for=\"wpforms-61-field_0\">Name <span class=\"wpforms-required-label\">*<\/span><\/label><input type=\"text\" id=\"wpforms-61-field_0\" class=\"wpforms-field-large wpforms-field-required\" name=\"wpforms[fields][0]\" placeholder=\"Your Name\" required><\/div><div id=\"wpforms-61-field_3-container\" class=\"wpforms-field wpforms-field-email wpforms-one-half\" data-field-id=\"3\"><label class=\"wpforms-field-label wpforms-label-hide\" for=\"wpforms-61-field_3\">Email <span class=\"wpforms-required-label\">*<\/span><\/label><input type=\"email\" id=\"wpforms-61-field_3\" class=\"wpforms-field-large wpforms-field-required\" name=\"wpforms[fields][3]\" placeholder=\"Your Email\" spellcheck=\"false\" required><\/div><div id=\"wpforms-61-field_4-container\" class=\"wpforms-field wpforms-field-text\" data-field-id=\"4\"><label class=\"wpforms-field-label wpforms-label-hide\" for=\"wpforms-61-field_4\">Subject<\/label><input type=\"text\" id=\"wpforms-61-field_4\" class=\"wpforms-field-large\" name=\"wpforms[fields][4]\" placeholder=\"Subject\" ><\/div><div id=\"wpforms-61-field_2-container\" class=\"wpforms-field wpforms-field-textarea\" data-field-id=\"2\"><label class=\"wpforms-field-label wpforms-label-hide\" for=\"wpforms-61-field_2\">Message <span class=\"wpforms-required-label\">*<\/span><\/label><textarea id=\"wpforms-61-field_2\" class=\"wpforms-field-medium wpforms-field-required\" name=\"wpforms[fields][2]\" placeholder=\"Your Message\" required><\/textarea><\/div><\/div><!-- .wpforms-field-container --><div class=\"wpforms-submit-container\" ><input type=\"hidden\" name=\"wpforms[id]\" value=\"61\"><input type=\"hidden\" name=\"page_title\" value=\"\"><input type=\"hidden\" name=\"page_url\" value=\"https:\/\/c-craftdesign.de\/index.php?rest_route=\/wp\/v2\/pages\/51\"><input type=\"hidden\" name=\"url_referer\" value=\"\"><button type=\"submit\" name=\"wpforms[submit]\" id=\"wpforms-submit-61\" class=\"wpforms-submit\" data-alt-text=\"Sending...\" data-submit-text=\"Send message\" aria-live=\"assertive\" value=\"wpforms-submit\">Send message<\/button><\/div><\/form><\/div>  <!-- .wpforms-container -->","protected":false},"excerpt":{"rendered":"<p>Ob Lieblingsst\u00fcck, Probleml\u00f6ser oder Raumverwandler &#8211; ich berate Sie gerne! C-Craft \u00dcber mich Ich bin Felix Corrales, Tischlermeister und Handwerksdesigner aus Bonn.&nbsp; Meine Leidenschaft f\u00fcr Holz, das Interesse und die Kombinationsm\u00f6glichkeiten verschiedenster Materialien nutze ich dazu, meine Kunden gl\u00fccklich zu machen.Neben jahrelanger Messebauerfahrung und meiner Ausbildung zum Tischler verf\u00fcge ich [&hellip;]<\/p>\n","protected":false},"author":1,"featured_media":91,"parent":0,"menu_order":0,"comment_status":"closed","ping_status":"closed","template":"","meta":{"footnotes":""},"class_list":["post-51","page","type-page","status-publish","has-post-thumbnail","hentry"],"_links":{"self":[{"href":"https:\/\/c-craftdesign.de\/index.php?rest_route=\/wp\/v2\/pages\/51","targetHints":{"allow":["GET"]}}],"collection":[{"href":"https:\/\/c-craftdesign.de\/index.php?rest_route=\/wp\/v2\/pages"}],"about":[{"href":"https:\/\/c-craftdesign.de\/index.php?rest_route=\/wp\/v2\/types\/page"}],"author":[{"embeddable":true,"href":"https:\/\/c-craftdesign.de\/index.php?rest_route=\/wp\/v2\/users\/1"}],"replies":[{"embeddable":true,"href":"https:\/\/c-craftdesign.de\/index.php?rest_route=%2Fwp%2Fv2%2Fcomments&post=51"}],"version-history":[{"count":8,"href":"https:\/\/c-craftdesign.de\/index.php?rest_route=\/wp\/v2\/pages\/51\/revisions"}],"predecessor-version":[{"id":103,"href":"https:\/\/c-craftdesign.de\/index.php?rest_route=\/wp\/v2\/pages\/51\/revisions\/103"}],"wp:featuredmedia":[{"embeddable":true,"href":"https:\/\/c-craftdesign.de\/index.php?rest_route=\/wp\/v2\/media\/91"}],"wp:attachment":[{"href":"https:\/\/c-craftdesign.de\/index.php?rest_route=%2Fwp%2Fv2%2Fmedia&parent=51"}],"curies":[{"name":"wp","href":"https:\/\/api.w.org\/{rel}","templated":true}]}}